{"id":2793,"date":"2025-09-04T14:06:47","date_gmt":"2025-09-04T14:06:47","guid":{"rendered":"https:\/\/af-food-technology.com\/yamato\/?page_id=2793"},"modified":"2025-09-04T14:07:53","modified_gmt":"2025-09-04T14:07:53","slug":"agb_de","status":"publish","type":"page","link":"https:\/\/af-food-technology.com\/en\/agb_de\/","title":{"rendered":"AGB_DE"},"content":{"rendered":"\t\t<div data-elementor-type=\"wp-page\" data-elementor-id=\"2793\" class=\"elementor elementor-2793\" data-elementor-post-type=\"page\">\n\t\t\t\t\t\t<section class=\"elementor-section elementor-top-section elementor-element elementor-element-6aa5beee elementor-section-boxed elementor-section-height-default elementor-section-height-default\" data-id=\"6aa5beee\" data-element_type=\"section\" data-e-type=\"section\" data-settings=\"{&quot;background_background&quot;:&quot;classic&quot;}\">\n\t\t\t\t\t\t<div class=\"elementor-container elementor-column-gap-default\">\n\t\t\t\t\t<div class=\"elementor-column elementor-col-100 elementor-top-column elementor-element elementor-element-1c8567a8\" data-id=\"1c8567a8\" data-element_type=\"column\" data-e-type=\"column\">\n\t\t\t<div class=\"elementor-widget-wrap elementor-element-populated\">\n\t\t\t\t\t\t<div class=\"elementor-element elementor-element-637e8425 elementor-widget elementor-widget-heading\" data-id=\"637e8425\" data-element_type=\"widget\" data-e-type=\"widget\" data-widget_type=\"heading.default\">\n\t\t\t\t<div class=\"elementor-widget-container\">\n\t\t\t\t\t<h2 class=\"elementor-heading-title elementor-size-default\">Allgemeine Gesch\u00e4ftsbedingungen (AGB)<\/h2>\t\t\t\t<\/div>\n\t\t\t\t<\/div>\n\t\t\t\t\t<\/div>\n\t\t<\/div>\n\t\t\t\t\t<\/div>\n\t\t<\/section>\n\t\t\t\t<section class=\"elementor-section elementor-top-section elementor-element elementor-element-52242004 elementor-section-height-min-height elementor-section-boxed elementor-section-height-default elementor-section-items-middle\" data-id=\"52242004\" data-element_type=\"section\" data-e-type=\"section\" data-settings=\"{&quot;background_background&quot;:&quot;classic&quot;}\">\n\t\t\t\t\t\t<div class=\"elementor-container elementor-column-gap-no\">\n\t\t\t\t\t<div class=\"elementor-column elementor-col-100 elementor-top-column elementor-element elementor-element-425c04d8\" data-id=\"425c04d8\" data-element_type=\"column\" data-e-type=\"column\" data-settings=\"{&quot;background_background&quot;:&quot;classic&quot;}\">\n\t\t\t<div class=\"elementor-widget-wrap elementor-element-populated\">\n\t\t\t\t\t\t<div class=\"elementor-element elementor-element-4a23d3e3 elementor-widget elementor-widget-text-editor\" data-id=\"4a23d3e3\" data-element_type=\"widget\" data-e-type=\"widget\" data-widget_type=\"text-editor.default\">\n\t\t\t\t<div class=\"elementor-widget-container\">\n\t\t\t\t\t\t\t\t\t<div class=\"agb-content\"><p style=\"text-align: right;\"><strong>der AF Food Technology GmbH &amp; Co. KG<\/strong><br \/>\u2013 Stand: Juni 2025 \u2013<\/p><h3>\u00a7 1 Geltungsbereich, Vertragspartner, Schriftform<\/h3><ol><li>Diese Allgemeinen Gesch\u00e4ftsbedingungen (AGB) gelten f\u00fcr s\u00e4mtliche \u2013 auch zuk\u00fcnftige \u2013 Vertr\u00e4ge, Lieferungen und Leistungen zwischen der AF Food Technology GmbH &amp; Co. KG (nachfolgend \u201eAF Food Technology\u201c) und Unternehmern i.S.d. \u00a7 14 BGB, juristischen Personen des \u00f6ffentlichen Rechts oder \u00f6ffentlich-rechtlichen Sonderverm\u00f6gen (nachfolgend \u201eKunde\u201c).<\/li><li>Abweichende, entgegenstehende oder erg\u00e4nzende Allgemeine Gesch\u00e4ftsbedingungen des Kunden werden \u2013 selbst bei Kenntnis \u2013 nicht Vertragsbestandteil, es sei denn, AF Food Technology stimmt ihrer Geltung ausdr\u00fccklich und schriftlich zu.<\/li><li>Alle Vereinbarungen, insbesondere \u00c4nderungen und Erg\u00e4nzungen dieser AGB sowie Nebenabreden, bed\u00fcrfen der Schriftform. Dies gilt auch f\u00fcr einen Verzicht auf das Schriftformerfordernis selbst.<\/li><\/ol><h3>\u00a7 2 Vertragsabschluss und Angebotsunterlagen<\/h3><ol><li>Angebote von AF Food Technology sind freibleibend und unverbindlich, es sei denn, sie werden ausdr\u00fccklich schriftlich als verbindlich bezeichnet.<\/li><li>Ein Vertrag kommt erst durch eine schriftliche Auftragsbest\u00e4tigung von AF Food Technology oder durch Ausf\u00fchrung der Lieferung zustande. Technische Angaben und Zeichnungen gelten nur bei ausdr\u00fccklicher schriftlicher Best\u00e4tigung als verbindlich.<\/li><li>An allen Angebotsunterlagen, Zeichnungen, technischen Dokumentationen und sonstigen Informationen \u2013 auch in elektronischer Form \u2013 beh\u00e4lt sich AF Food Technology s\u00e4mtliche Eigentums- und Urheberrechte vor. Diese d\u00fcrfen Dritten nicht ohne ausdr\u00fcckliche schriftliche Zustimmung zug\u00e4nglich gemacht werden.<\/li><\/ol><h3>\u00a7 3 Leistungsumfang und Mitwirkungspflichten des Kunden<\/h3><ol><li>Der Umfang der vertraglichen Liefer- und Leistungsgegenst\u00e4nde ergibt sich ausschlie\u00dflich aus der schriftlichen Auftragsbest\u00e4tigung bzw. dem Einzelvertrag.<\/li><li>Konstruktion, Ausf\u00fchrung und Lieferumfang k\u00f6nnen durch technische Weiterentwicklungen oder notwendige Anpassungen im Rahmen des Zumutbaren ge\u00e4ndert werden.<\/li><li>F\u00fcr Sonderl\u00f6sungen und kundenspezifische Ausf\u00fchrungen ist der Kunde verpflichtet, s\u00e4mtliche technischen Daten, Vorgaben und Informationen vollst\u00e4ndig, zutreffend und rechtzeitig zur Verf\u00fcgung zu stellen. Der Kunde tr\u00e4gt das Risiko f\u00fcr Fehler infolge unzureichender, fehlerhafter oder versp\u00e4teter Angaben.<\/li><li>Der Kunde stellt sicher, dass alle f\u00fcr die Lieferung und Inbetriebnahme erforderlichen infrastrukturellen Voraussetzungen \u2013 insbesondere tragf\u00e4hige Fundamente, Transportwege, sowie alle notwendigen Energie-, Wasser-, Druckluft- und Datenanschl\u00fcsse \u2013 zum vereinbarten Termin in funktionsf\u00e4higem und den technischen Anforderungen entsprechendem Zustand vorhanden sind. Etwaige Versorgunganschl\u00fcsse, einschlie\u00dflich der dazugeh\u00f6rigen Sicherheits- und Absperreinrichtungen, sind ausschlie\u00dflich vom Kunden auf eigene Kosten zu errichten.<\/li><li>Bei Inbetriebnahmen, Montagen oder Schulungen \u00fcbernimmt AF Food Technology ausschlie\u00dflich Leistungen im Zusammenhang mit den von ihr gelieferten Maschinen und Systemen. Arbeiten an bauseitigen Anlagen, Maschinen oder Einrichtungen Dritter sowie allgemeine Installations-, Umbau- oder Elektrotechnikarbeiten au\u00dferhalb des Lieferumfangs sind ausdr\u00fccklich ausgeschlossen.<\/li><\/ol><h3>\u00a7 4 Lieferfristen, Gefahr\u00fcbergang, Teillieferungen<\/h3><ol><li>Lieferfristen sind nur verbindlich, wenn sie ausdr\u00fccklich als solche schriftlich vereinbart wurden. Sie beginnen erst nach vollst\u00e4ndiger Kl\u00e4rung aller kaufm\u00e4nnischen und technischen Fragen sowie nach Eingang aller vom Kunden zu beschaffenden Unterlagen und Zahlungen.<\/li><li>Liefer- und Leistungsverz\u00f6gerungen aufgrund h\u00f6herer Gewalt und unvorhersehbarer, nicht von AF Food Technology zu vertretender Ereignisse (z. B. Betriebsst\u00f6rungen, Transporthindernisse, Material- oder Energieengp\u00e4sse, Streiks, beh\u00f6rdliche Ma\u00dfnahmen, Krieg, Pandemien) verl\u00e4ngern die Fristen angemessen. Schadensersatzanspr\u00fcche hieraus sind ausgeschlossen.<\/li><li>Die Lieferung erfolgt \u2013 sofern nicht ausdr\u00fccklich anders vereinbart \u2013 ab Werk (EXW, Incoterms 2020). Die Gefahr des zuf\u00e4lligen Untergangs oder der zuf\u00e4lligen Verschlechterung der Ware geht mit Bereitstellung zur Abholung oder \u00dcbergabe an den ersten Frachtf\u00fchrer auf den Kunden \u00fcber.<\/li><li>Teillieferungen sind zul\u00e4ssig, soweit sie dem Kunden zumutbar sind und kein abweichendes Interesse erkennbar ist.<\/li><\/ol><h3>\u00a7 5 Preise, Zahlungsbedingungen, Zahlungsverzug<\/h3><ol><li>Alle Preise verstehen sich netto in Euro ab Werk, zzgl. der jeweils geltenden gesetzlichen Umsatzsteuer, Verpackung, Versand und Versicherung, sofern nicht ausdr\u00fccklich anders vereinbart.<\/li><li>Sofern im Einzelfall nichts Abweichendes vereinbart ist, gelten folgende Zahlungsbedingungen: 100 % Vorkasse vor Versand bzw. Lieferung.<\/li><li>Ger\u00e4t der Kunde in Zahlungsverzug, ist AF Food Technology berechtigt, Verzugszinsen in H\u00f6he von 9 Prozentpunkten \u00fcber dem jeweiligen Basiszinssatz der EZB gem\u00e4\u00df \u00a7 288 Abs. 2 BGB zu berechnen. Die Geltendmachung weiterer Sch\u00e4den bleibt vorbehalten.<\/li><li>Aufrechnungs- und Zur\u00fcckbehaltungsrechte stehen dem Kunden nur zu, wenn seine Gegenanspr\u00fcche unbestritten oder rechtskr\u00e4ftig festgestellt sind.<\/li><\/ol><h3>\u00a7 6 Eigentumsvorbehalt<\/h3><ol><li>Die gelieferten Waren bleiben bis zur vollst\u00e4ndigen Zahlung s\u00e4mtlicher \u2013 auch k\u00fcnftig entstehender \u2013 Forderungen aus der Gesch\u00e4ftsbeziehung Eigentum von AF Food Technology.<\/li><li>Der Kunde ist nicht berechtigt, Vorbehaltsware zu verpf\u00e4nden, sicherungszu\u00fcbereignen oder Dritten sonstige Rechte daran einzur\u00e4umen.<\/li><li>Im Fall der Weiterver\u00e4u\u00dferung tritt der Kunde bereits jetzt alle daraus entstehenden Forderungen gegen seine Abnehmer in H\u00f6he des offenen Rechnungsbetrags an AF Food Technology ab. AF Food Technology nimmt diese Abtretung hiermit an.<\/li><li>Bei vertragswidrigem Verhalten des Kunden \u2013 insbesondere Zahlungsverzug \u2013 ist AF Food Technology berechtigt, die Vorbehaltsware auf Kosten des Kunden zur\u00fcckzunehmen.<\/li><\/ol><h3>\u00a7 7 Gew\u00e4hrleistung<\/h3><ol><li>Die Gew\u00e4hrleistungsfrist betr\u00e4gt 12 Monate ab Gefahr\u00fcbergang. F\u00fcr gebrauchte Maschinen ist die Gew\u00e4hrleistung ausgeschlossen, sofern nicht ausdr\u00fccklich schriftlich vereinbart.<\/li><li>Der Kunde hat die Ware unverz\u00fcglich nach Erhalt auf offensichtliche M\u00e4ngel zu untersuchen und diese schriftlich binnen 7 Kalendertagen zu r\u00fcgen. Versteckte M\u00e4ngel sind unverz\u00fcglich nach Entdeckung schriftlich mitzuteilen.<\/li><li>Bei fristgerechter und berechtigter M\u00e4ngelanzeige erfolgt nach Wahl von AF Food Technology Nachbesserung oder Ersatzlieferung. Erst nach zweimaligem Fehlschlagen steht dem Kunden das Recht auf Minderung oder R\u00fccktritt zu.<\/li><li>Die Gew\u00e4hrleistung entf\u00e4llt, wenn der Mangel durch unsachgem\u00e4\u00dfe Verwendung, fehlerhafte Montage, eigenm\u00e4chtige \u00c4nderungen, mangelnde Wartung oder Bedienfehler durch den Kunden oder Dritte verursacht wurde.<\/li><\/ol><h3>\u00a7 8 Haftung<\/h3><ol><li>AF Food Technology haftet nur f\u00fcr Sch\u00e4den, die auf vors\u00e4tzlicher oder grob fahrl\u00e4ssiger Pflichtverletzung beruhen. Bei einfacher Fahrl\u00e4ssigkeit ist die Haftung auf die Verletzung wesentlicher Vertragspflichten (Kardinalpflichten) beschr\u00e4nkt und auf den typischerweise vorhersehbaren Schaden begrenzt.<\/li><li>Eine weitergehende Haftung \u2013 insbesondere f\u00fcr mittelbare Sch\u00e4den, Produktionsausf\u00e4lle, Datenverluste, entgangenen Gewinn oder Sch\u00e4den Dritter \u2013 ist ausgeschlossen.<\/li><li>Die Haftung f\u00fcr Sch\u00e4den aus der Verletzung des Lebens, des K\u00f6rpers oder der Gesundheit bleibt unber\u00fchrt.<\/li><li>F\u00fcr Sch\u00e4den aus folgenden Gr\u00fcnden \u00fcbernimmt AF Food Technology keine Haftung:<ul><li>Fehlende oder mangelhafte Energie-, Druckluft- oder Wasseranschl\u00fcsse<\/li><li>Bedienfehler oder Missachtung von Bedienungsanleitungen<\/li><li>Eingriffe Dritter in Maschinen oder Steuerungen<\/li><li>Verwendungen, die nicht dem bestimmungsgem\u00e4\u00dfen Gebrauch entsprechen<\/li><li>Sch\u00e4den infolge fehlender oder versp\u00e4teter Wartung<\/li><\/ul><\/li><li>Die Beweislast f\u00fcr das Vorliegen eines von AF Food Technology zu vertretenden Mangels oder Schadens tr\u00e4gt der Kunde.<\/li><\/ol><h3>\u00a7 9 Datenschutz<\/h3><p>AF Food Technology verarbeitet personenbezogene Daten im Rahmen der gesetzlichen Vorgaben, insbesondere der DSGVO. N\u00e4here Informationen finden sich in der Datenschutzerkl\u00e4rung auf der Unternehmenswebseite.<\/p><h3>\u00a7 10 Erf\u00fcllungsort, Gerichtsstand, anwendbares Recht<\/h3><ol><li>Erf\u00fcllungsort f\u00fcr s\u00e4mtliche Lieferungen und Leistungen ist der Gesch\u00e4ftssitz von AF Food Technology.<\/li><li>Gerichtsstand f\u00fcr alle Streitigkeiten im Zusammenhang mit diesem Vertrag ist, sofern der Kunde Kaufmann ist, der Gesch\u00e4ftssitz von AF Food Technology. AF Food Technology ist jedoch berechtigt, den Kunden auch an dessen allgemeinen Gerichtsstand zu verklagen.<\/li><li>Es gilt ausschlie\u00dflich das materielle Recht der Bundesrepublik Deutschland unter Ausschluss des UN-Kaufrechts (CISG).<\/li><li>Sollten einzelne Bestimmungen dieser AGB ganz oder teilweise unwirksam sein oder werden, so wird die Wirksamkeit der \u00fcbrigen Bestimmungen hiervon nicht ber\u00fchrt. Die Parteien verpflichten sich, die unwirksame Bestimmung durch eine wirksame zu ersetzen, die dem wirtschaftlichen Zweck am n\u00e4chsten kommt.<\/li><\/ol><\/div>\t\t\t\t\t\t\t\t<\/div>\n\t\t\t\t<\/div>\n\t\t\t\t\t<\/div>\n\t\t<\/div>\n\t\t\t\t\t<\/div>\n\t\t<\/section>\n\t\t\t\t<\/div>\n\t\t","protected":false},"excerpt":{"rendered":"<p>Allgemeine Gesch\u00e4ftsbedingungen (AGB) der AF Food Technology GmbH &amp; Co. KG\u2013 Stand: Juni 2025 \u2013 \u00a7 1 Geltungsbereich, Vertragspartner, Schriftform Diese Allgemeinen Gesch\u00e4ftsbedingungen (AGB) gelten f\u00fcr s\u00e4mtliche \u2013 auch zuk\u00fcnftige \u2013 Vertr\u00e4ge, Lieferungen und Leistungen zwischen der AF Food Technology GmbH &amp; Co. KG (nachfolgend \u201eAF Food Technology\u201c) und Unternehmern i.S.d. \u00a7 14 BGB, juristischen [&hellip;]<\/p>\n","protected":false},"author":1,"featured_media":0,"parent":0,"menu_order":0,"comment_status":"closed","ping_status":"closed","template":"","meta":{"footnotes":""},"class_list":["post-2793","page","type-page","status-publish","hentry"],"yoast_head":"<!-- This site is optimized with the Yoast SEO plugin v27.4 - https:\/\/yoast.com\/product\/yoast-seo-wordpress\/ -->\n<title>AGB_DE - AF Food Technology<\/title>\n<meta name=\"robots\" content=\"index, follow, max-snippet:-1, max-image-preview:large, max-video-preview:-1\" \/>\n<link rel=\"canonical\" href=\"https:\/\/af-food-technology.com\/en\/agb_de\/\" \/>\n<meta property=\"og:locale\" content=\"en_US\" \/>\n<meta property=\"og:type\" content=\"article\" \/>\n<meta property=\"og:title\" content=\"AGB_DE - AF Food Technology\" \/>\n<meta property=\"og:description\" content=\"Allgemeine Gesch\u00e4ftsbedingungen (AGB) der AF Food Technology GmbH &amp; Co. KG\u2013 Stand: Juni 2025 \u2013 \u00a7 1 Geltungsbereich, Vertragspartner, Schriftform Diese Allgemeinen Gesch\u00e4ftsbedingungen (AGB) gelten f\u00fcr s\u00e4mtliche \u2013 auch zuk\u00fcnftige \u2013 Vertr\u00e4ge, Lieferungen und Leistungen zwischen der AF Food Technology GmbH &amp; Co. KG (nachfolgend \u201eAF Food Technology\u201c) und Unternehmern i.S.d. \u00a7 14 BGB, juristischen [&hellip;]\" \/>\n<meta property=\"og:url\" content=\"https:\/\/af-food-technology.com\/en\/agb_de\/\" \/>\n<meta property=\"og:site_name\" content=\"AF Food Technology\" \/>\n<meta property=\"article:modified_time\" content=\"2025-09-04T14:07:53+00:00\" \/>\n<meta name=\"twitter:card\" content=\"summary_large_image\" \/>\n<meta name=\"twitter:label1\" content=\"Est. reading time\" \/>\n\t<meta name=\"twitter:data1\" content=\"6 minutes\" \/>\n<script type=\"application\/ld+json\" class=\"yoast-schema-graph\">{\"@context\":\"https:\\\/\\\/schema.org\",\"@graph\":[{\"@type\":\"WebPage\",\"@id\":\"https:\\\/\\\/af-food-technology.com\\\/agb_de\\\/\",\"url\":\"https:\\\/\\\/af-food-technology.com\\\/agb_de\\\/\",\"name\":\"AGB_DE - AF Food Technology\",\"isPartOf\":{\"@id\":\"https:\\\/\\\/af-food-technology.com\\\/#website\"},\"datePublished\":\"2025-09-04T14:06:47+00:00\",\"dateModified\":\"2025-09-04T14:07:53+00:00\",\"breadcrumb\":{\"@id\":\"https:\\\/\\\/af-food-technology.com\\\/agb_de\\\/#breadcrumb\"},\"inLanguage\":\"en-US\",\"potentialAction\":[{\"@type\":\"ReadAction\",\"target\":[\"https:\\\/\\\/af-food-technology.com\\\/agb_de\\\/\"]}]},{\"@type\":\"BreadcrumbList\",\"@id\":\"https:\\\/\\\/af-food-technology.com\\\/agb_de\\\/#breadcrumb\",\"itemListElement\":[{\"@type\":\"ListItem\",\"position\":1,\"name\":\"Startseite\",\"item\":\"https:\\\/\\\/af-food-technology.com\\\/\"},{\"@type\":\"ListItem\",\"position\":2,\"name\":\"AGB_DE\"}]},{\"@type\":\"WebSite\",\"@id\":\"https:\\\/\\\/af-food-technology.com\\\/#website\",\"url\":\"https:\\\/\\\/af-food-technology.com\\\/\",\"name\":\"AF Food Technology\",\"description\":\"Welcome to AF Food Technology\",\"publisher\":{\"@id\":\"https:\\\/\\\/af-food-technology.com\\\/#organization\"},\"potentialAction\":[{\"@type\":\"SearchAction\",\"target\":{\"@type\":\"EntryPoint\",\"urlTemplate\":\"https:\\\/\\\/af-food-technology.com\\\/?s={search_term_string}\"},\"query-input\":{\"@type\":\"PropertyValueSpecification\",\"valueRequired\":true,\"valueName\":\"search_term_string\"}}],\"inLanguage\":\"en-US\"},{\"@type\":\"Organization\",\"@id\":\"https:\\\/\\\/af-food-technology.com\\\/#organization\",\"name\":\"AF Food Technology\",\"url\":\"https:\\\/\\\/af-food-technology.com\\\/\",\"logo\":{\"@type\":\"ImageObject\",\"inLanguage\":\"en-US\",\"@id\":\"https:\\\/\\\/af-food-technology.com\\\/#\\\/schema\\\/logo\\\/image\\\/\",\"url\":\"https:\\\/\\\/af-food-technology.com\\\/wp-content\\\/uploads\\\/2023\\\/10\\\/Logo-neu-2-1.png\",\"contentUrl\":\"https:\\\/\\\/af-food-technology.com\\\/wp-content\\\/uploads\\\/2023\\\/10\\\/Logo-neu-2-1.png\",\"width\":4377,\"height\":1226,\"caption\":\"AF Food Technology\"},\"image\":{\"@id\":\"https:\\\/\\\/af-food-technology.com\\\/#\\\/schema\\\/logo\\\/image\\\/\"}}]}<\/script>\n<!-- \/ Yoast SEO plugin. -->","yoast_head_json":{"title":"AGB_DE - AF Food Technology","robots":{"index":"index","follow":"follow","max-snippet":"max-snippet:-1","max-image-preview":"max-image-preview:large","max-video-preview":"max-video-preview:-1"},"canonical":"https:\/\/af-food-technology.com\/en\/agb_de\/","og_locale":"en_US","og_type":"article","og_title":"AGB_DE - AF Food Technology","og_description":"Allgemeine Gesch\u00e4ftsbedingungen (AGB) der AF Food Technology GmbH &amp; Co. KG\u2013 Stand: Juni 2025 \u2013 \u00a7 1 Geltungsbereich, Vertragspartner, Schriftform Diese Allgemeinen Gesch\u00e4ftsbedingungen (AGB) gelten f\u00fcr s\u00e4mtliche \u2013 auch zuk\u00fcnftige \u2013 Vertr\u00e4ge, Lieferungen und Leistungen zwischen der AF Food Technology GmbH &amp; Co. KG (nachfolgend \u201eAF Food Technology\u201c) und Unternehmern i.S.d. \u00a7 14 BGB, juristischen [&hellip;]","og_url":"https:\/\/af-food-technology.com\/en\/agb_de\/","og_site_name":"AF Food Technology","article_modified_time":"2025-09-04T14:07:53+00:00","twitter_card":"summary_large_image","twitter_misc":{"Est. reading time":"6 minutes"},"schema":{"@context":"https:\/\/schema.org","@graph":[{"@type":"WebPage","@id":"https:\/\/af-food-technology.com\/agb_de\/","url":"https:\/\/af-food-technology.com\/agb_de\/","name":"AGB_DE - AF Food Technology","isPartOf":{"@id":"https:\/\/af-food-technology.com\/#website"},"datePublished":"2025-09-04T14:06:47+00:00","dateModified":"2025-09-04T14:07:53+00:00","breadcrumb":{"@id":"https:\/\/af-food-technology.com\/agb_de\/#breadcrumb"},"inLanguage":"en-US","potentialAction":[{"@type":"ReadAction","target":["https:\/\/af-food-technology.com\/agb_de\/"]}]},{"@type":"BreadcrumbList","@id":"https:\/\/af-food-technology.com\/agb_de\/#breadcrumb","itemListElement":[{"@type":"ListItem","position":1,"name":"Startseite","item":"https:\/\/af-food-technology.com\/"},{"@type":"ListItem","position":2,"name":"AGB_DE"}]},{"@type":"WebSite","@id":"https:\/\/af-food-technology.com\/#website","url":"https:\/\/af-food-technology.com\/","name":"AF Food Technology","description":"Welcome to AF Food Technology","publisher":{"@id":"https:\/\/af-food-technology.com\/#organization"},"potentialAction":[{"@type":"SearchAction","target":{"@type":"EntryPoint","urlTemplate":"https:\/\/af-food-technology.com\/?s={search_term_string}"},"query-input":{"@type":"PropertyValueSpecification","valueRequired":true,"valueName":"search_term_string"}}],"inLanguage":"en-US"},{"@type":"Organization","@id":"https:\/\/af-food-technology.com\/#organization","name":"AF Food Technology","url":"https:\/\/af-food-technology.com\/","logo":{"@type":"ImageObject","inLanguage":"en-US","@id":"https:\/\/af-food-technology.com\/#\/schema\/logo\/image\/","url":"https:\/\/af-food-technology.com\/wp-content\/uploads\/2023\/10\/Logo-neu-2-1.png","contentUrl":"https:\/\/af-food-technology.com\/wp-content\/uploads\/2023\/10\/Logo-neu-2-1.png","width":4377,"height":1226,"caption":"AF Food Technology"},"image":{"@id":"https:\/\/af-food-technology.com\/#\/schema\/logo\/image\/"}}]}},"_links":{"self":[{"href":"https:\/\/af-food-technology.com\/en\/wp-json\/wp\/v2\/pages\/2793","targetHints":{"allow":["GET"]}}],"collection":[{"href":"https:\/\/af-food-technology.com\/en\/wp-json\/wp\/v2\/pages"}],"about":[{"href":"https:\/\/af-food-technology.com\/en\/wp-json\/wp\/v2\/types\/page"}],"author":[{"embeddable":true,"href":"https:\/\/af-food-technology.com\/en\/wp-json\/wp\/v2\/users\/1"}],"replies":[{"embeddable":true,"href":"https:\/\/af-food-technology.com\/en\/wp-json\/wp\/v2\/comments?post=2793"}],"version-history":[{"count":4,"href":"https:\/\/af-food-technology.com\/en\/wp-json\/wp\/v2\/pages\/2793\/revisions"}],"predecessor-version":[{"id":2797,"href":"https:\/\/af-food-technology.com\/en\/wp-json\/wp\/v2\/pages\/2793\/revisions\/2797"}],"wp:attachment":[{"href":"https:\/\/af-food-technology.com\/en\/wp-json\/wp\/v2\/media?parent=2793"}],"curies":[{"name":"wp","href":"https:\/\/api.w.org\/{rel}","templated":true}]}}