{"id":2746,"date":"2025-09-04T13:37:53","date_gmt":"2025-09-04T13:37:53","guid":{"rendered":"https:\/\/af-food-technology.com\/yamato\/?page_id=2746"},"modified":"2025-09-04T13:48:11","modified_gmt":"2025-09-04T13:48:11","slug":"imprint","status":"publish","type":"page","link":"https:\/\/af-food-technology.com\/en\/imprint\/","title":{"rendered":"Impressum_DE"},"content":{"rendered":"\t\t<div data-elementor-type=\"wp-page\" data-elementor-id=\"2746\" class=\"elementor elementor-2746\" data-elementor-post-type=\"page\">\n\t\t\t\t\t\t<section class=\"elementor-section elementor-top-section elementor-element elementor-element-b0aeb0d elementor-section-boxed elementor-section-height-default elementor-section-height-default\" data-id=\"b0aeb0d\" data-element_type=\"section\" data-e-type=\"section\" data-settings=\"{&quot;background_background&quot;:&quot;classic&quot;}\">\n\t\t\t\t\t\t<div class=\"elementor-container elementor-column-gap-default\">\n\t\t\t\t\t<div class=\"elementor-column elementor-col-100 elementor-top-column elementor-element elementor-element-514c44fe\" data-id=\"514c44fe\" data-element_type=\"column\" data-e-type=\"column\">\n\t\t\t<div class=\"elementor-widget-wrap elementor-element-populated\">\n\t\t\t\t\t\t<div class=\"elementor-element elementor-element-7d28c15b elementor-widget elementor-widget-heading\" data-id=\"7d28c15b\" data-element_type=\"widget\" data-e-type=\"widget\" data-widget_type=\"heading.default\">\n\t\t\t\t<div class=\"elementor-widget-container\">\n\t\t\t\t\t<h2 class=\"elementor-heading-title elementor-size-default\">Impressum<\/h2>\t\t\t\t<\/div>\n\t\t\t\t<\/div>\n\t\t\t\t\t<\/div>\n\t\t<\/div>\n\t\t\t\t\t<\/div>\n\t\t<\/section>\n\t\t\t\t<section class=\"elementor-section elementor-top-section elementor-element elementor-element-70a97b1e elementor-section-height-min-height elementor-section-boxed elementor-section-height-default elementor-section-items-middle\" data-id=\"70a97b1e\" data-element_type=\"section\" data-e-type=\"section\" data-settings=\"{&quot;background_background&quot;:&quot;classic&quot;}\">\n\t\t\t\t\t\t<div class=\"elementor-container elementor-column-gap-no\">\n\t\t\t\t\t<div class=\"elementor-column elementor-col-100 elementor-top-column elementor-element elementor-element-60d0e96b\" data-id=\"60d0e96b\" data-element_type=\"column\" data-e-type=\"column\" data-settings=\"{&quot;background_background&quot;:&quot;classic&quot;}\">\n\t\t\t<div class=\"elementor-widget-wrap elementor-element-populated\">\n\t\t\t\t\t\t<div class=\"elementor-element elementor-element-1ce7f0e7 elementor-widget elementor-widget-text-editor\" data-id=\"1ce7f0e7\" data-element_type=\"widget\" data-e-type=\"widget\" data-widget_type=\"text-editor.default\">\n\t\t\t\t<div class=\"elementor-widget-container\">\n\t\t\t\t\t\t\t\t\t<div class=\"impressum\" style=\"font-family: Montserrat, Arial, sans-serif; line-height: 1.6; color: #222; font-size: 16px;\"><p><!-- \u00a7 5 TMG --><\/p><h3>Angaben gem\u00e4\u00df \u00a7 5 TMG<\/h3><address style=\"font-style: normal; margin: 0 0 12px 0;\"><strong>AF Food Technology GmbH &amp; Co. KG<\/strong><br \/>Feldkamp 22<br \/>23684 Scharbeutz<br \/>Deutschland<\/address><div style=\"margin: 0 0 12px 0;\">Handelsregister: HRA 10958 HL<br \/>Registergericht: Amtsgericht L\u00fcbeck<br \/>Steuernummer: 2528800044<br \/>VAT-ID: DE364350144<\/div><h4>Vertreten durch<\/h4><address style=\"font-style: normal; margin: 0 0 12px 0;\"><strong>Arndt &amp; Fuchs GmbH<\/strong><br \/>Feldkamp 22<br \/>23684 Scharbeutz<\/address><div style=\"margin: 0 0 12px 0;\">Diese vertreten durch: Henrik Arndt, Michael Fuchs<br \/>Handelsregister: HRB 24258 HL<br \/>Registergericht: Amtsgericht L\u00fcbeck<\/div><p><!-- Kontakt --><\/p><h3>Kontakt<\/h3><p style=\"margin: 0 0 12px 0;\">E-Mail: <a href=\"mailto:info@af-food-technology.com\">info@af-food-technology.com<\/a><\/p><p><!-- EU-Streitschlichtung --><\/p><h3>EU-Streitschlichtung<\/h3><p>Die Europ\u00e4ische Kommission stellt eine Plattform zur Online-Streitbeilegung (OS) bereit:<br \/><a href=\"https:\/\/ec.europa.eu\/consumers\/odr\/\" target=\"_blank\" rel=\"noopener\">https:\/\/ec.europa.eu\/consumers\/odr\/<\/a>.<br \/>Unsere E-Mail-Adresse finden Sie oben im Impressum.<\/p><p><!-- Verbraucherstreitbeilegung --><\/p><h3>Verbraucherstreitbeilegung \/ Universalschlichtungsstelle<\/h3><p>Wir sind nicht bereit oder verpflichtet, an Streitbeilegungsverfahren vor einer Verbraucherschlichtungsstelle teilzunehmen.<\/p><p><!-- Haftung Inhalte --><\/p><h3>Haftung f\u00fcr Inhalte<\/h3><p>Als Diensteanbieter sind wir gem\u00e4\u00df \u00a7 7 Abs. 1 TMG f\u00fcr eigene Inhalte auf diesen Seiten nach den allgemeinen Gesetzen verantwortlich.<br \/>Nach \u00a7\u00a7 8 bis 10 TMG sind wir als Diensteanbieter jedoch nicht verpflichtet, \u00fcbermittelte oder gespeicherte fremde Informationen<br \/>zu \u00fcberwachen oder nach Umst\u00e4nden zu forschen, die auf eine rechtswidrige T\u00e4tigkeit hinweisen.<\/p><p><!-- Haftung Links --><\/p><h3>Haftung f\u00fcr Links<\/h3><p>Unsere Website enth\u00e4lt Links zu externen Websites Dritter, auf deren Inhalte wir keinen Einfluss haben. F\u00fcr die Inhalte der verlinkten<br \/>Seiten ist stets der jeweilige Anbieter oder Betreiber verantwortlich. Eine permanente inhaltliche Kontrolle der verlinkten Seiten ist<br \/>jedoch ohne konkrete Anhaltspunkte einer Rechtsverletzung nicht zumutbar.<\/p><p><!-- Urheberrecht --><\/p><h3>Urheberrecht<\/h3><p>Die durch die Seitenbetreiber erstellten Inhalte und Werke auf diesen Seiten unterliegen dem deutschen Urheberrecht.<br \/>Die Vervielf\u00e4ltigung, Bearbeitung, Verbreitung und jede Art der Verwertung au\u00dferhalb der Grenzen des Urheberrechts<br \/>bed\u00fcrfen der schriftlichen Zustimmung des jeweiligen Autors bzw. Erstellers.<\/p><p><!-- Datenschutz --><\/p><h3>Datenschutz<\/h3><p>Weitere Informationen zum Datenschutz finden Sie in unserer<br \/><a href=\"\/privacy-policy\" target=\"_self\">Datenschutzerkl\u00e4rung<\/a>.<\/p><\/div>\t\t\t\t\t\t\t\t<\/div>\n\t\t\t\t<\/div>\n\t\t\t\t\t<\/div>\n\t\t<\/div>\n\t\t\t\t\t<\/div>\n\t\t<\/section>\n\t\t\t\t<\/div>\n\t\t","protected":false},"excerpt":{"rendered":"<p>Impressum Angaben gem\u00e4\u00df \u00a7 5 TMG AF Food Technology GmbH &amp; Co. KGFeldkamp 2223684 ScharbeutzDeutschland Handelsregister: HRA 10958 HLRegistergericht: Amtsgericht L\u00fcbeckSteuernummer: 2528800044VAT-ID: DE364350144 Vertreten durch Arndt &amp; Fuchs GmbHFeldkamp 2223684 Scharbeutz Diese vertreten durch: Henrik Arndt, Michael FuchsHandelsregister: HRB 24258 HLRegistergericht: Amtsgericht L\u00fcbeck Kontakt E-Mail: info@af-food-technology.com EU-Streitschlichtung Die Europ\u00e4ische Kommission stellt eine Plattform zur Online-Streitbeilegung [&hellip;]<\/p>\n","protected":false},"author":1,"featured_media":0,"parent":0,"menu_order":0,"comment_status":"closed","ping_status":"closed","template":"","meta":{"footnotes":""},"class_list":["post-2746","page","type-page","status-publish","hentry"],"yoast_head":"<!-- This site is optimized with the Yoast SEO plugin v27.4 - https:\/\/yoast.com\/product\/yoast-seo-wordpress\/ -->\n<title>Impressum_DE - AF Food Technology<\/title>\n<meta name=\"robots\" content=\"index, follow, max-snippet:-1, max-image-preview:large, max-video-preview:-1\" \/>\n<link rel=\"canonical\" href=\"https:\/\/af-food-technology.com\/en\/imprint\/\" \/>\n<meta property=\"og:locale\" content=\"en_US\" \/>\n<meta property=\"og:type\" content=\"article\" \/>\n<meta property=\"og:title\" content=\"Impressum_DE - AF Food Technology\" \/>\n<meta property=\"og:description\" content=\"Impressum Angaben gem\u00e4\u00df \u00a7 5 TMG AF Food Technology GmbH &amp; Co. KGFeldkamp 2223684 ScharbeutzDeutschland Handelsregister: HRA 10958 HLRegistergericht: Amtsgericht L\u00fcbeckSteuernummer: 2528800044VAT-ID: DE364350144 Vertreten durch Arndt &amp; Fuchs GmbHFeldkamp 2223684 Scharbeutz Diese vertreten durch: Henrik Arndt, Michael FuchsHandelsregister: HRB 24258 HLRegistergericht: Amtsgericht L\u00fcbeck Kontakt E-Mail: info@af-food-technology.com EU-Streitschlichtung Die Europ\u00e4ische Kommission stellt eine Plattform zur Online-Streitbeilegung [&hellip;]\" \/>\n<meta property=\"og:url\" content=\"https:\/\/af-food-technology.com\/en\/imprint\/\" \/>\n<meta property=\"og:site_name\" content=\"AF Food Technology\" \/>\n<meta property=\"article:modified_time\" content=\"2025-09-04T13:48:11+00:00\" \/>\n<meta name=\"twitter:card\" content=\"summary_large_image\" \/>\n<meta name=\"twitter:label1\" content=\"Est. reading time\" \/>\n\t<meta name=\"twitter:data1\" content=\"1 minute\" \/>\n<script type=\"application\/ld+json\" class=\"yoast-schema-graph\">{\"@context\":\"https:\\\/\\\/schema.org\",\"@graph\":[{\"@type\":\"WebPage\",\"@id\":\"https:\\\/\\\/af-food-technology.com\\\/imprint\\\/\",\"url\":\"https:\\\/\\\/af-food-technology.com\\\/imprint\\\/\",\"name\":\"Impressum_DE - AF Food Technology\",\"isPartOf\":{\"@id\":\"https:\\\/\\\/af-food-technology.com\\\/#website\"},\"datePublished\":\"2025-09-04T13:37:53+00:00\",\"dateModified\":\"2025-09-04T13:48:11+00:00\",\"breadcrumb\":{\"@id\":\"https:\\\/\\\/af-food-technology.com\\\/imprint\\\/#breadcrumb\"},\"inLanguage\":\"en-US\",\"potentialAction\":[{\"@type\":\"ReadAction\",\"target\":[\"https:\\\/\\\/af-food-technology.com\\\/imprint\\\/\"]}]},{\"@type\":\"BreadcrumbList\",\"@id\":\"https:\\\/\\\/af-food-technology.com\\\/imprint\\\/#breadcrumb\",\"itemListElement\":[{\"@type\":\"ListItem\",\"position\":1,\"name\":\"Startseite\",\"item\":\"https:\\\/\\\/af-food-technology.com\\\/\"},{\"@type\":\"ListItem\",\"position\":2,\"name\":\"Impressum_DE\"}]},{\"@type\":\"WebSite\",\"@id\":\"https:\\\/\\\/af-food-technology.com\\\/#website\",\"url\":\"https:\\\/\\\/af-food-technology.com\\\/\",\"name\":\"AF Food Technology\",\"description\":\"Welcome to AF Food Technology\",\"publisher\":{\"@id\":\"https:\\\/\\\/af-food-technology.com\\\/#organization\"},\"potentialAction\":[{\"@type\":\"SearchAction\",\"target\":{\"@type\":\"EntryPoint\",\"urlTemplate\":\"https:\\\/\\\/af-food-technology.com\\\/?s={search_term_string}\"},\"query-input\":{\"@type\":\"PropertyValueSpecification\",\"valueRequired\":true,\"valueName\":\"search_term_string\"}}],\"inLanguage\":\"en-US\"},{\"@type\":\"Organization\",\"@id\":\"https:\\\/\\\/af-food-technology.com\\\/#organization\",\"name\":\"AF Food Technology\",\"url\":\"https:\\\/\\\/af-food-technology.com\\\/\",\"logo\":{\"@type\":\"ImageObject\",\"inLanguage\":\"en-US\",\"@id\":\"https:\\\/\\\/af-food-technology.com\\\/#\\\/schema\\\/logo\\\/image\\\/\",\"url\":\"https:\\\/\\\/af-food-technology.com\\\/wp-content\\\/uploads\\\/2023\\\/10\\\/Logo-neu-2-1.png\",\"contentUrl\":\"https:\\\/\\\/af-food-technology.com\\\/wp-content\\\/uploads\\\/2023\\\/10\\\/Logo-neu-2-1.png\",\"width\":4377,\"height\":1226,\"caption\":\"AF Food Technology\"},\"image\":{\"@id\":\"https:\\\/\\\/af-food-technology.com\\\/#\\\/schema\\\/logo\\\/image\\\/\"}}]}<\/script>\n<!-- \/ Yoast SEO plugin. -->","yoast_head_json":{"title":"Impressum_DE - AF Food Technology","robots":{"index":"index","follow":"follow","max-snippet":"max-snippet:-1","max-image-preview":"max-image-preview:large","max-video-preview":"max-video-preview:-1"},"canonical":"https:\/\/af-food-technology.com\/en\/imprint\/","og_locale":"en_US","og_type":"article","og_title":"Impressum_DE - AF Food Technology","og_description":"Impressum Angaben gem\u00e4\u00df \u00a7 5 TMG AF Food Technology GmbH &amp; Co. KGFeldkamp 2223684 ScharbeutzDeutschland Handelsregister: HRA 10958 HLRegistergericht: Amtsgericht L\u00fcbeckSteuernummer: 2528800044VAT-ID: DE364350144 Vertreten durch Arndt &amp; Fuchs GmbHFeldkamp 2223684 Scharbeutz Diese vertreten durch: Henrik Arndt, Michael FuchsHandelsregister: HRB 24258 HLRegistergericht: Amtsgericht L\u00fcbeck Kontakt E-Mail: info@af-food-technology.com EU-Streitschlichtung Die Europ\u00e4ische Kommission stellt eine Plattform zur Online-Streitbeilegung [&hellip;]","og_url":"https:\/\/af-food-technology.com\/en\/imprint\/","og_site_name":"AF Food Technology","article_modified_time":"2025-09-04T13:48:11+00:00","twitter_card":"summary_large_image","twitter_misc":{"Est. reading time":"1 minute"},"schema":{"@context":"https:\/\/schema.org","@graph":[{"@type":"WebPage","@id":"https:\/\/af-food-technology.com\/imprint\/","url":"https:\/\/af-food-technology.com\/imprint\/","name":"Impressum_DE - AF Food Technology","isPartOf":{"@id":"https:\/\/af-food-technology.com\/#website"},"datePublished":"2025-09-04T13:37:53+00:00","dateModified":"2025-09-04T13:48:11+00:00","breadcrumb":{"@id":"https:\/\/af-food-technology.com\/imprint\/#breadcrumb"},"inLanguage":"en-US","potentialAction":[{"@type":"ReadAction","target":["https:\/\/af-food-technology.com\/imprint\/"]}]},{"@type":"BreadcrumbList","@id":"https:\/\/af-food-technology.com\/imprint\/#breadcrumb","itemListElement":[{"@type":"ListItem","position":1,"name":"Startseite","item":"https:\/\/af-food-technology.com\/"},{"@type":"ListItem","position":2,"name":"Impressum_DE"}]},{"@type":"WebSite","@id":"https:\/\/af-food-technology.com\/#website","url":"https:\/\/af-food-technology.com\/","name":"AF Food Technology","description":"Welcome to AF Food Technology","publisher":{"@id":"https:\/\/af-food-technology.com\/#organization"},"potentialAction":[{"@type":"SearchAction","target":{"@type":"EntryPoint","urlTemplate":"https:\/\/af-food-technology.com\/?s={search_term_string}"},"query-input":{"@type":"PropertyValueSpecification","valueRequired":true,"valueName":"search_term_string"}}],"inLanguage":"en-US"},{"@type":"Organization","@id":"https:\/\/af-food-technology.com\/#organization","name":"AF Food Technology","url":"https:\/\/af-food-technology.com\/","logo":{"@type":"ImageObject","inLanguage":"en-US","@id":"https:\/\/af-food-technology.com\/#\/schema\/logo\/image\/","url":"https:\/\/af-food-technology.com\/wp-content\/uploads\/2023\/10\/Logo-neu-2-1.png","contentUrl":"https:\/\/af-food-technology.com\/wp-content\/uploads\/2023\/10\/Logo-neu-2-1.png","width":4377,"height":1226,"caption":"AF Food Technology"},"image":{"@id":"https:\/\/af-food-technology.com\/#\/schema\/logo\/image\/"}}]}},"_links":{"self":[{"href":"https:\/\/af-food-technology.com\/en\/wp-json\/wp\/v2\/pages\/2746","targetHints":{"allow":["GET"]}}],"collection":[{"href":"https:\/\/af-food-technology.com\/en\/wp-json\/wp\/v2\/pages"}],"about":[{"href":"https:\/\/af-food-technology.com\/en\/wp-json\/wp\/v2\/types\/page"}],"author":[{"embeddable":true,"href":"https:\/\/af-food-technology.com\/en\/wp-json\/wp\/v2\/users\/1"}],"replies":[{"embeddable":true,"href":"https:\/\/af-food-technology.com\/en\/wp-json\/wp\/v2\/comments?post=2746"}],"version-history":[{"count":10,"href":"https:\/\/af-food-technology.com\/en\/wp-json\/wp\/v2\/pages\/2746\/revisions"}],"predecessor-version":[{"id":2761,"href":"https:\/\/af-food-technology.com\/en\/wp-json\/wp\/v2\/pages\/2746\/revisions\/2761"}],"wp:attachment":[{"href":"https:\/\/af-food-technology.com\/en\/wp-json\/wp\/v2\/media?parent=2746"}],"curies":[{"name":"wp","href":"https:\/\/api.w.org\/{rel}","templated":true}]}}