{"id":2237,"date":"2025-09-01T07:34:14","date_gmt":"2025-09-01T07:34:14","guid":{"rendered":"https:\/\/af-food-technology.com\/yamato\/?page_id=2237"},"modified":"2025-11-14T22:48:12","modified_gmt":"2025-11-14T21:48:12","slug":"contact","status":"publish","type":"page","link":"https:\/\/af-food-technology.com\/de\/contact\/","title":{"rendered":"Kontakt"},"content":{"rendered":"\t\t<div data-elementor-type=\"wp-page\" data-elementor-id=\"2237\" class=\"elementor elementor-2237\" data-elementor-post-type=\"page\">\n\t\t\t\t\t\t<section class=\"elementor-section elementor-top-section elementor-element elementor-element-44702bce elementor-section-height-min-height cta-hero zoom-bg-soft elementor-section-boxed elementor-section-height-default elementor-section-items-middle\" data-id=\"44702bce\" data-element_type=\"section\" data-e-type=\"section\" data-settings=\"{&quot;background_background&quot;:&quot;classic&quot;}\">\n\t\t\t\t\t\t<div class=\"elementor-container elementor-column-gap-no\">\n\t\t\t\t\t<div class=\"elementor-column elementor-col-100 elementor-top-column elementor-element elementor-element-33d4f787\" data-id=\"33d4f787\" data-element_type=\"column\" data-e-type=\"column\">\n\t\t\t<div class=\"elementor-widget-wrap elementor-element-populated\">\n\t\t\t\t\t\t<div class=\"elementor-element elementor-element-517ce525 elementor-widget elementor-widget-heading\" data-id=\"517ce525\" data-element_type=\"widget\" data-e-type=\"widget\" data-widget_type=\"heading.default\">\n\t\t\t\t<div class=\"elementor-widget-container\">\n\t\t\t\t\t<h2 class=\"elementor-heading-title elementor-size-default\">Ask. Quote. Connect.<\/h2>\t\t\t\t<\/div>\n\t\t\t\t<\/div>\n\t\t\t\t<div class=\"elementor-element elementor-element-34416d6b elementor-widget-divider--view-line elementor-widget elementor-widget-divider\" data-id=\"34416d6b\" data-element_type=\"widget\" data-e-type=\"widget\" data-widget_type=\"divider.default\">\n\t\t\t\t<div class=\"elementor-widget-container\">\n\t\t\t\t\t\t\t<div class=\"elementor-divider\">\n\t\t\t<span class=\"elementor-divider-separator\">\n\t\t\t\t\t\t<\/span>\n\t\t<\/div>\n\t\t\t\t\t\t<\/div>\n\t\t\t\t<\/div>\n\t\t\t\t<div class=\"elementor-element elementor-element-3852b58b elementor-widget elementor-widget-text-editor\" data-id=\"3852b58b\" data-element_type=\"widget\" data-e-type=\"widget\" data-widget_type=\"text-editor.default\">\n\t\t\t\t<div class=\"elementor-widget-container\">\n\t\t\t\t\t\t\t\t\t<p>We\u2019re here to answer your questions, provide technical advice, and help you find the right solution for your production.<\/p>\t\t\t\t\t\t\t\t<\/div>\n\t\t\t\t<\/div>\n\t\t\t\t\t<\/div>\n\t\t<\/div>\n\t\t\t\t\t<\/div>\n\t\t<\/section>\n\t\t\t\t<section class=\"elementor-section elementor-top-section elementor-element elementor-element-405a74ef elementor-section-height-min-height elementor-section-boxed elementor-section-height-default elementor-section-items-middle\" data-id=\"405a74ef\" data-element_type=\"section\" data-e-type=\"section\">\n\t\t\t\t\t\t<div class=\"elementor-container elementor-column-gap-no\">\n\t\t\t\t\t<div class=\"elementor-column elementor-col-50 elementor-top-column elementor-element elementor-element-15810b49\" data-id=\"15810b49\" data-element_type=\"column\" data-e-type=\"column\">\n\t\t\t<div class=\"elementor-widget-wrap elementor-element-populated\">\n\t\t\t\t\t\t<div class=\"elementor-element elementor-element-40bacc31 elementor-widget elementor-widget-heading\" data-id=\"40bacc31\" data-element_type=\"widget\" data-e-type=\"widget\" data-widget_type=\"heading.default\">\n\t\t\t\t<div class=\"elementor-widget-container\">\n\t\t\t\t\t<h2 class=\"elementor-heading-title elementor-size-default\">Your Questions, Our Expertise.<\/h2>\t\t\t\t<\/div>\n\t\t\t\t<\/div>\n\t\t\t\t<div class=\"elementor-element elementor-element-4922f5fe elementor-widget elementor-widget-heading\" data-id=\"4922f5fe\" data-element_type=\"widget\" data-e-type=\"widget\" data-widget_type=\"heading.default\">\n\t\t\t\t<div class=\"elementor-widget-container\">\n\t\t\t\t\t<h5 class=\"elementor-heading-title elementor-size-default\">Quick answers. Real support.<\/h5>\t\t\t\t<\/div>\n\t\t\t\t<\/div>\n\t\t\t\t<div class=\"elementor-element elementor-element-5a02b5d5 elementor-widget elementor-widget-text-editor\" data-id=\"5a02b5d5\" data-element_type=\"widget\" data-e-type=\"widget\" data-widget_type=\"text-editor.default\">\n\t\t\t\t<div class=\"elementor-widget-container\">\n\t\t\t\t\t\t\t\t\t<p>Whether you need product details, service coordination, or spare parts, our team is here to help.<br \/>Fill out the form, send us an email, or give us a call \u2014 we\u2019ll respond as quickly as possible.<\/p>\t\t\t\t\t\t\t\t<\/div>\n\t\t\t\t<\/div>\n\t\t\t\t\t<\/div>\n\t\t<\/div>\n\t\t\t\t<div class=\"elementor-column elementor-col-50 elementor-top-column elementor-element elementor-element-de9a334\" data-id=\"de9a334\" data-element_type=\"column\" data-e-type=\"column\" data-settings=\"{&quot;background_background&quot;:&quot;classic&quot;,&quot;background_motion_fx_motion_fx_scrolling&quot;:&quot;yes&quot;,&quot;background_motion_fx_translateY_effect&quot;:&quot;yes&quot;,&quot;background_motion_fx_translateY_speed&quot;:{&quot;unit&quot;:&quot;px&quot;,&quot;size&quot;:1.5,&quot;sizes&quot;:[]},&quot;background_motion_fx_translateY_affectedRange&quot;:{&quot;unit&quot;:&quot;%&quot;,&quot;size&quot;:&quot;&quot;,&quot;sizes&quot;:{&quot;start&quot;:0,&quot;end&quot;:100}},&quot;background_motion_fx_devices&quot;:[&quot;desktop&quot;,&quot;tablet&quot;,&quot;mobile&quot;]}\">\n\t\t\t<div class=\"elementor-widget-wrap elementor-element-populated\">\n\t\t\t\t\t\t<div class=\"elementor-element elementor-element-4605620d elementor-widget__width-initial elementor-widget elementor-widget-spacer\" data-id=\"4605620d\" data-element_type=\"widget\" data-e-type=\"widget\" data-widget_type=\"spacer.default\">\n\t\t\t\t<div class=\"elementor-widget-container\">\n\t\t\t\t\t\t\t<div class=\"elementor-spacer\">\n\t\t\t<div class=\"elementor-spacer-inner\"><\/div>\n\t\t<\/div>\n\t\t\t\t\t\t<\/div>\n\t\t\t\t<\/div>\n\t\t\t\t\t<\/div>\n\t\t<\/div>\n\t\t\t\t\t<\/div>\n\t\t<\/section>\n\t\t\t\t<section class=\"elementor-section elementor-top-section elementor-element elementor-element-909149b elementor-section-boxed elementor-section-height-default elementor-section-height-default\" data-id=\"909149b\" data-element_type=\"section\" data-e-type=\"section\" id=\"message\" data-settings=\"{&quot;background_background&quot;:&quot;classic&quot;,&quot;shape_divider_top&quot;:&quot;opacity-tilt&quot;}\">\n\t\t\t\t\t<div class=\"elementor-shape elementor-shape-top\" aria-hidden=\"true\" data-negative=\"false\">\n\t\t\t<svg xmlns=\"http:\/\/www.w3.org\/2000\/svg\" viewBox=\"0 0 2600 131.1\" preserveAspectRatio=\"none\">\n\t<path class=\"elementor-shape-fill\" d=\"M0 0L2600 0 2600 69.1 0 0z\"\/>\n\t<path class=\"elementor-shape-fill\" style=\"opacity:0.5\" d=\"M0 0L2600 0 2600 69.1 0 69.1z\"\/>\n\t<path class=\"elementor-shape-fill\" style=\"opacity:0.25\" d=\"M2600 0L0 0 0 130.1 2600 69.1z\"\/>\n<\/svg>\t\t<\/div>\n\t\t\t\t\t<div class=\"elementor-container elementor-column-gap-default\">\n\t\t\t\t\t<div class=\"elementor-column elementor-col-100 elementor-top-column elementor-element elementor-element-406db0ae\" data-id=\"406db0ae\" data-element_type=\"column\" data-e-type=\"column\">\n\t\t\t<div class=\"elementor-widget-wrap elementor-element-populated\">\n\t\t\t\t\t\t<div class=\"elementor-element elementor-element-6746606a elementor-widget elementor-widget-heading\" data-id=\"6746606a\" data-element_type=\"widget\" data-e-type=\"widget\" data-widget_type=\"heading.default\">\n\t\t\t\t<div class=\"elementor-widget-container\">\n\t\t\t\t\t<h2 class=\"elementor-heading-title elementor-size-default\">Let\u2019s connect.<\/h2>\t\t\t\t<\/div>\n\t\t\t\t<\/div>\n\t\t\t\t<div class=\"elementor-element elementor-element-793e29b elementor-widget-divider--view-line elementor-widget elementor-widget-divider\" data-id=\"793e29b\" data-element_type=\"widget\" data-e-type=\"widget\" data-widget_type=\"divider.default\">\n\t\t\t\t<div class=\"elementor-widget-container\">\n\t\t\t\t\t\t\t<div class=\"elementor-divider\">\n\t\t\t<span class=\"elementor-divider-separator\">\n\t\t\t\t\t\t<\/span>\n\t\t<\/div>\n\t\t\t\t\t\t<\/div>\n\t\t\t\t<\/div>\n\t\t\t\t<div class=\"elementor-element elementor-element-53adff97 elementor-widget elementor-widget-heading\" data-id=\"53adff97\" data-element_type=\"widget\" data-e-type=\"widget\" data-widget_type=\"heading.default\">\n\t\t\t\t<div class=\"elementor-widget-container\">\n\t\t\t\t\t<h5 class=\"elementor-heading-title elementor-size-default\">Tell us about your project or request, and we\u2019ll get back to you shortly.<\/h5>\t\t\t\t<\/div>\n\t\t\t\t<\/div>\n\t\t\t\t<div class=\"elementor-element elementor-element-b8a64f8 elementor-widget elementor-widget-menu-anchor\" data-id=\"b8a64f8\" data-element_type=\"widget\" data-e-type=\"widget\" data-widget_type=\"menu-anchor.default\">\n\t\t\t\t<div class=\"elementor-widget-container\">\n\t\t\t\t\t\t\t<div class=\"elementor-menu-anchor\" id=\"message\"><\/div>\n\t\t\t\t\t\t<\/div>\n\t\t\t\t<\/div>\n\t\t\t\t<div class=\"elementor-element elementor-element-4d5e4d4 elementor-button-align-center elementor-widget elementor-widget-form\" data-id=\"4d5e4d4\" data-element_type=\"widget\" data-e-type=\"widget\" data-settings=\"{&quot;step_next_label&quot;:&quot;Next&quot;,&quot;step_previous_label&quot;:&quot;Previous&quot;,&quot;button_width&quot;:&quot;100&quot;,&quot;step_type&quot;:&quot;number_text&quot;,&quot;step_icon_shape&quot;:&quot;circle&quot;}\" data-widget_type=\"form.default\">\n\t\t\t\t<div class=\"elementor-widget-container\">\n\t\t\t\t\t\t\t<form class=\"elementor-form\" method=\"post\" name=\"New Form\" aria-label=\"New Form\">\n\t\t\t<input type=\"hidden\" name=\"post_id\" value=\"2237\"\/>\n\t\t\t<input type=\"hidden\" name=\"form_id\" value=\"4d5e4d4\"\/>\n\t\t\t<input type=\"hidden\" name=\"referer_title\" value=\"AF Food Technology\" \/>\n\n\t\t\t\n\t\t\t<div class=\"elementor-form-fields-wrapper elementor-labels-\">\n\t\t\t\t\t\t\t\t<div class=\"elementor-field-type-text elementor-field-group elementor-column elementor-field-group-name elementor-col-50 elementor-field-required\">\n\t\t\t\t\t\t\t\t\t\t\t\t<label for=\"form-field-name\" class=\"elementor-field-label elementor-screen-only\">\n\t\t\t\t\t\t\t\tName\t\t\t\t\t\t\t<\/label>\n\t\t\t\t\t\t\t\t\t\t\t\t\t\t<input size=\"1\" type=\"text\" name=\"form_fields[name]\" id=\"form-field-name\" class=\"elementor-field elementor-size-sm  elementor-field-textual\" placeholder=\"Name\" required=\"required\">\n\t\t\t\t\t\t\t\t\t\t\t<\/div>\n\t\t\t\t\t\t\t\t<div class=\"elementor-field-type-text elementor-field-group elementor-column elementor-field-group-field_6004e04 elementor-col-50\">\n\t\t\t\t\t\t\t\t\t\t\t\t<label for=\"form-field-field_6004e04\" class=\"elementor-field-label elementor-screen-only\">\n\t\t\t\t\t\t\t\tCompany Name\t\t\t\t\t\t\t<\/label>\n\t\t\t\t\t\t\t\t\t\t\t\t\t\t<input size=\"1\" type=\"text\" name=\"form_fields[field_6004e04]\" id=\"form-field-field_6004e04\" class=\"elementor-field elementor-size-sm  elementor-field-textual\" placeholder=\"Company Name\">\n\t\t\t\t\t\t\t\t\t\t\t<\/div>\n\t\t\t\t\t\t\t\t<div class=\"elementor-field-type-email elementor-field-group elementor-column elementor-field-group-email elementor-col-50 elementor-field-required\">\n\t\t\t\t\t\t\t\t\t\t\t\t<label for=\"form-field-email\" class=\"elementor-field-label elementor-screen-only\">\n\t\t\t\t\t\t\t\tEmail\t\t\t\t\t\t\t<\/label>\n\t\t\t\t\t\t\t\t\t\t\t\t\t\t<input size=\"1\" type=\"email\" name=\"form_fields[email]\" id=\"form-field-email\" class=\"elementor-field elementor-size-sm  elementor-field-textual\" placeholder=\"Email\" required=\"required\">\n\t\t\t\t\t\t\t\t\t\t\t<\/div>\n\t\t\t\t\t\t\t\t<div class=\"elementor-field-type-tel elementor-field-group elementor-column elementor-field-group-field_749590f elementor-col-50\">\n\t\t\t\t\t\t\t\t\t\t\t\t<label for=\"form-field-field_749590f\" class=\"elementor-field-label elementor-screen-only\">\n\t\t\t\t\t\t\t\tPhone\t\t\t\t\t\t\t<\/label>\n\t\t\t\t\t\t\t\t<input size=\"1\" type=\"tel\" name=\"form_fields[field_749590f]\" id=\"form-field-field_749590f\" class=\"elementor-field elementor-size-sm  elementor-field-textual\" placeholder=\"Phone (Optional)\" pattern=\"[0-9()#&amp;+*-=.]+\" title=\"Nur Nummern oder Telefon-Zeichen (#, -, *, etc) werden akzeptiert.\">\n\n\t\t\t\t\t\t<\/div>\n\t\t\t\t\t\t\t\t<div class=\"elementor-field-type-select elementor-field-group elementor-column elementor-field-group-topic elementor-col-50 elementor-field-required\">\n\t\t\t\t\t\t\t\t\t\t\t\t<label for=\"form-field-topic\" class=\"elementor-field-label elementor-screen-only\">\n\t\t\t\t\t\t\t\tTopic\t\t\t\t\t\t\t<\/label>\n\t\t\t\t\t\t\t\t<div class=\"elementor-field elementor-select-wrapper remove-before \">\n\t\t\t<div class=\"select-caret-down-wrapper\">\n\t\t\t\t<i aria-hidden=\"true\" class=\"eicon-caret-down\"><\/i>\t\t\t<\/div>\n\t\t\t<select name=\"form_fields[topic]\" id=\"form-field-topic\" class=\"elementor-field-textual elementor-size-sm\" required=\"required\">\n\t\t\t\t\t\t\t\t\t<option value=\"Sales \/ Product Info\">Sales \/ Product Info<\/option>\n\t\t\t\t\t\t\t\t\t<option value=\"Technical Question\">Technical Question<\/option>\n\t\t\t\t\t\t\t\t\t<option value=\"After-Sales \/ Service\">After-Sales \/ Service<\/option>\n\t\t\t\t\t\t\t\t\t<option value=\"Other\">Other<\/option>\n\t\t\t\t\t\t\t<\/select>\n\t\t<\/div>\n\t\t\t\t\t\t<\/div>\n\t\t\t\t\t\t\t\t<div class=\"elementor-field-type-text elementor-field-group elementor-column elementor-field-group-subject elementor-col-50 elementor-field-required\">\n\t\t\t\t\t\t\t\t\t\t\t\t<label for=\"form-field-subject\" class=\"elementor-field-label elementor-screen-only\">\n\t\t\t\t\t\t\t\tSubject\t\t\t\t\t\t\t<\/label>\n\t\t\t\t\t\t\t\t\t\t\t\t\t\t<input size=\"1\" type=\"text\" name=\"form_fields[subject]\" id=\"form-field-subject\" class=\"elementor-field elementor-size-sm  elementor-field-textual\" placeholder=\"Subject\" required=\"required\">\n\t\t\t\t\t\t\t\t\t\t\t<\/div>\n\t\t\t\t\t\t\t\t<div class=\"elementor-field-type-textarea elementor-field-group elementor-column elementor-field-group-message elementor-col-100 elementor-field-required\">\n\t\t\t\t\t\t\t\t\t\t\t\t<label for=\"form-field-message\" class=\"elementor-field-label elementor-screen-only\">\n\t\t\t\t\t\t\t\tMessage\t\t\t\t\t\t\t<\/label>\n\t\t\t\t\t\t<textarea class=\"elementor-field-textual elementor-field  elementor-size-sm\" name=\"form_fields[message]\" id=\"form-field-message\" rows=\"12\" placeholder=\"Message\" required=\"required\"><\/textarea>\t\t\t\t<\/div>\n\t\t\t\t\t\t\t\t<div class=\"elementor-field-type-hidden elementor-field-group elementor-column elementor-field-group-config elementor-col-100\">\n\t\t\t\t\t\t\t\t\t\t\t\t\t<input size=\"1\" type=\"hidden\" name=\"form_fields[config]\" id=\"form-field-config\" class=\"elementor-field elementor-size-sm  elementor-field-textual\">\n\t\t\t\t\t\t\t\t\t\t\t<\/div>\n\t\t\t\t\t\t\t\t<div class=\"elementor-field-type-recaptcha_v3 elementor-field-group elementor-column elementor-field-group-field_a214eb5 elementor-col-100 recaptcha_v3-inline\">\n\t\t\t\t\t<div class=\"elementor-field\" id=\"form-field-field_a214eb5\"><div class=\"elementor-g-recaptcha\" data-sitekey=\"6Ld49wwsAAAAAHdi05smnUyHbnzluPy17qZLV4Rs\" data-type=\"v3\" data-action=\"Form\" data-badge=\"inline\" data-size=\"invisible\"><\/div><\/div>\t\t\t\t<\/div>\n\t\t\t\t\t\t\t\t<div class=\"elementor-field-group elementor-column elementor-field-type-submit elementor-col-100 e-form__buttons\">\n\t\t\t\t\t<button class=\"elementor-button elementor-size-sm\" type=\"submit\">\n\t\t\t\t\t\t<span class=\"elementor-button-content-wrapper\">\n\t\t\t\t\t\t\t\t\t\t\t\t\t\t\t\t\t\t\t\t\t\t<span class=\"elementor-button-text\">Send<\/span>\n\t\t\t\t\t\t\t\t\t\t\t\t\t<\/span>\n\t\t\t\t\t<\/button>\n\t\t\t\t<\/div>\n\t\t\t<\/div>\n\t\t<\/form>\n\t\t\t\t\t\t<\/div>\n\t\t\t\t<\/div>\n\t\t\t\t<div class=\"elementor-element elementor-element-4a86c47 elementor-widget elementor-widget-html\" data-id=\"4a86c47\" data-element_type=\"widget\" data-e-type=\"widget\" data-widget_type=\"html.default\">\n\t\t\t\t<div class=\"elementor-widget-container\">\n\t\t\t\t\t<script>\n(function () {\n  const qs = new URLSearchParams(location.search);\n  const raw = qs.get('message');\n  if (!raw) return;\n\n  function beautify(text) {\n    let t = text.replace(\/\\r\\n\/g, '\\n').replace(\/\\r\/g, '\\n');\n\n    \/\/ L\u00ednea en blanco tras el t\u00edtulo\n    t = t.replace(\/(configuration:)\\s*\/i, '$1\\n\\n');\n\n    \/\/ Forzar que cada vi\u00f1eta est\u00e9 en su propia l\u00ednea\n    t = t.replace(\/\\s*\u2022\\s*\/g, '\\n\u2022 ');\n\n    \/\/ Asegurar UNA l\u00ednea en blanco antes y despu\u00e9s de la lista (entre t\u00edtulo y \"Please...\")\n    \/\/ Inserta una l\u00ednea en blanco antes de \"Please get in touch...\"\n    t = t.replace(\/\\n*(Please get in touch)\/i, '\\n\\n$1');\n\n    \/\/ Inserta una l\u00ednea en blanco antes de \"Best regards,\"\n    t = t.replace(\/\\n*(Best regards,)\/i, '\\n\\n$1');\n\n    \/\/ Limpia triples saltos\n    t = t.replace(\/\\n{3,}\/g, '\\n\\n').trimEnd();\n    t += '\\n';\n    return t;\n  }\n\n  function apply() {\n    const ta =\n      document.querySelector('#form-field-message') ||\n      document.querySelector('textarea[name=\"form_fields[message]\"]');\n    if (!ta) return false;\n    ta.value = beautify(raw);\n    ta.dispatchEvent(new Event('input', { bubbles: true }));\n    ta.dispatchEvent(new Event('change', { bubbles: true }));\n    return true;\n  }\n\n  if (!apply()) {\n    const mo = new MutationObserver(() => { if (apply()) mo.disconnect(); });\n    mo.observe(document.body, { childList: true, subtree: true });\n  }\n})();\n<\/script>\n\n\t\t\t\t<\/div>\n\t\t\t\t<\/div>\n\t\t\t\t\t<\/div>\n\t\t<\/div>\n\t\t\t\t\t<\/div>\n\t\t<\/section>\n\t\t\t\t<\/div>\n\t\t","protected":false},"excerpt":{"rendered":"<p>Ask. Quote. Connect. We\u2019re here to answer your questions, provide technical advice, and help you find the right solution for your production. Your Questions, Our Expertise. Quick answers. Real support. Whether you need product details, service coordination, or spare parts, our team is here to help.Fill out the form, send us an email, or give [&hellip;]<\/p>\n","protected":false},"author":1,"featured_media":0,"parent":0,"menu_order":0,"comment_status":"closed","ping_status":"closed","template":"","meta":{"footnotes":""},"class_list":["post-2237","page","type-page","status-publish","hentry"],"yoast_head":"<!-- This site is optimized with the Yoast SEO plugin v27.4 - https:\/\/yoast.com\/product\/yoast-seo-wordpress\/ -->\n<title>Contact - AF Food Technology<\/title>\n<meta name=\"robots\" content=\"index, follow, max-snippet:-1, max-image-preview:large, max-video-preview:-1\" \/>\n<link rel=\"canonical\" href=\"https:\/\/af-food-technology.com\/de\/contact\/\" \/>\n<meta property=\"og:locale\" content=\"de_DE\" \/>\n<meta property=\"og:type\" content=\"article\" \/>\n<meta property=\"og:title\" content=\"Contact - AF Food Technology\" \/>\n<meta property=\"og:description\" content=\"Ask. Quote. Connect. We\u2019re here to answer your questions, provide technical advice, and help you find the right solution for your production. Your Questions, Our Expertise. Quick answers. Real support. Whether you need product details, service coordination, or spare parts, our team is here to help.Fill out the form, send us an email, or give [&hellip;]\" \/>\n<meta property=\"og:url\" content=\"https:\/\/af-food-technology.com\/de\/contact\/\" \/>\n<meta property=\"og:site_name\" content=\"AF Food Technology\" \/>\n<meta property=\"article:modified_time\" content=\"2025-11-14T21:48:12+00:00\" \/>\n<meta name=\"twitter:card\" content=\"summary_large_image\" \/>\n<meta name=\"twitter:label1\" content=\"Gesch\u00e4tzte Lesezeit\" \/>\n\t<meta name=\"twitter:data1\" content=\"1\u00a0Minute\" \/>\n<script type=\"application\/ld+json\" class=\"yoast-schema-graph\">{\"@context\":\"https:\\\/\\\/schema.org\",\"@graph\":[{\"@type\":\"WebPage\",\"@id\":\"https:\\\/\\\/af-food-technology.com\\\/contact\\\/\",\"url\":\"https:\\\/\\\/af-food-technology.com\\\/contact\\\/\",\"name\":\"Contact - AF Food Technology\",\"isPartOf\":{\"@id\":\"https:\\\/\\\/af-food-technology.com\\\/#website\"},\"datePublished\":\"2025-09-01T07:34:14+00:00\",\"dateModified\":\"2025-11-14T21:48:12+00:00\",\"breadcrumb\":{\"@id\":\"https:\\\/\\\/af-food-technology.com\\\/contact\\\/#breadcrumb\"},\"inLanguage\":\"de\",\"potentialAction\":[{\"@type\":\"ReadAction\",\"target\":[\"https:\\\/\\\/af-food-technology.com\\\/contact\\\/\"]}]},{\"@type\":\"BreadcrumbList\",\"@id\":\"https:\\\/\\\/af-food-technology.com\\\/contact\\\/#breadcrumb\",\"itemListElement\":[{\"@type\":\"ListItem\",\"position\":1,\"name\":\"Startseite\",\"item\":\"https:\\\/\\\/af-food-technology.com\\\/\"},{\"@type\":\"ListItem\",\"position\":2,\"name\":\"Contact\"}]},{\"@type\":\"WebSite\",\"@id\":\"https:\\\/\\\/af-food-technology.com\\\/#website\",\"url\":\"https:\\\/\\\/af-food-technology.com\\\/\",\"name\":\"AF Food Technology\",\"description\":\"Welcome to AF Food Technology\",\"publisher\":{\"@id\":\"https:\\\/\\\/af-food-technology.com\\\/#organization\"},\"potentialAction\":[{\"@type\":\"SearchAction\",\"target\":{\"@type\":\"EntryPoint\",\"urlTemplate\":\"https:\\\/\\\/af-food-technology.com\\\/?s={search_term_string}\"},\"query-input\":{\"@type\":\"PropertyValueSpecification\",\"valueRequired\":true,\"valueName\":\"search_term_string\"}}],\"inLanguage\":\"de\"},{\"@type\":\"Organization\",\"@id\":\"https:\\\/\\\/af-food-technology.com\\\/#organization\",\"name\":\"AF Food Technology\",\"url\":\"https:\\\/\\\/af-food-technology.com\\\/\",\"logo\":{\"@type\":\"ImageObject\",\"inLanguage\":\"de\",\"@id\":\"https:\\\/\\\/af-food-technology.com\\\/#\\\/schema\\\/logo\\\/image\\\/\",\"url\":\"https:\\\/\\\/af-food-technology.com\\\/wp-content\\\/uploads\\\/2023\\\/10\\\/Logo-neu-2-1.png\",\"contentUrl\":\"https:\\\/\\\/af-food-technology.com\\\/wp-content\\\/uploads\\\/2023\\\/10\\\/Logo-neu-2-1.png\",\"width\":4377,\"height\":1226,\"caption\":\"AF Food Technology\"},\"image\":{\"@id\":\"https:\\\/\\\/af-food-technology.com\\\/#\\\/schema\\\/logo\\\/image\\\/\"}}]}<\/script>\n<!-- \/ Yoast SEO plugin. -->","yoast_head_json":{"title":"Contact - AF Food Technology","robots":{"index":"index","follow":"follow","max-snippet":"max-snippet:-1","max-image-preview":"max-image-preview:large","max-video-preview":"max-video-preview:-1"},"canonical":"https:\/\/af-food-technology.com\/de\/contact\/","og_locale":"de_DE","og_type":"article","og_title":"Contact - AF Food Technology","og_description":"Ask. Quote. Connect. We\u2019re here to answer your questions, provide technical advice, and help you find the right solution for your production. Your Questions, Our Expertise. Quick answers. Real support. Whether you need product details, service coordination, or spare parts, our team is here to help.Fill out the form, send us an email, or give [&hellip;]","og_url":"https:\/\/af-food-technology.com\/de\/contact\/","og_site_name":"AF Food Technology","article_modified_time":"2025-11-14T21:48:12+00:00","twitter_card":"summary_large_image","twitter_misc":{"Gesch\u00e4tzte Lesezeit":"1\u00a0Minute"},"schema":{"@context":"https:\/\/schema.org","@graph":[{"@type":"WebPage","@id":"https:\/\/af-food-technology.com\/contact\/","url":"https:\/\/af-food-technology.com\/contact\/","name":"Contact - AF Food Technology","isPartOf":{"@id":"https:\/\/af-food-technology.com\/#website"},"datePublished":"2025-09-01T07:34:14+00:00","dateModified":"2025-11-14T21:48:12+00:00","breadcrumb":{"@id":"https:\/\/af-food-technology.com\/contact\/#breadcrumb"},"inLanguage":"de","potentialAction":[{"@type":"ReadAction","target":["https:\/\/af-food-technology.com\/contact\/"]}]},{"@type":"BreadcrumbList","@id":"https:\/\/af-food-technology.com\/contact\/#breadcrumb","itemListElement":[{"@type":"ListItem","position":1,"name":"Startseite","item":"https:\/\/af-food-technology.com\/"},{"@type":"ListItem","position":2,"name":"Contact"}]},{"@type":"WebSite","@id":"https:\/\/af-food-technology.com\/#website","url":"https:\/\/af-food-technology.com\/","name":"AF Food Technology","description":"Welcome to AF Food Technology","publisher":{"@id":"https:\/\/af-food-technology.com\/#organization"},"potentialAction":[{"@type":"SearchAction","target":{"@type":"EntryPoint","urlTemplate":"https:\/\/af-food-technology.com\/?s={search_term_string}"},"query-input":{"@type":"PropertyValueSpecification","valueRequired":true,"valueName":"search_term_string"}}],"inLanguage":"de"},{"@type":"Organization","@id":"https:\/\/af-food-technology.com\/#organization","name":"AF Food Technology","url":"https:\/\/af-food-technology.com\/","logo":{"@type":"ImageObject","inLanguage":"de","@id":"https:\/\/af-food-technology.com\/#\/schema\/logo\/image\/","url":"https:\/\/af-food-technology.com\/wp-content\/uploads\/2023\/10\/Logo-neu-2-1.png","contentUrl":"https:\/\/af-food-technology.com\/wp-content\/uploads\/2023\/10\/Logo-neu-2-1.png","width":4377,"height":1226,"caption":"AF Food Technology"},"image":{"@id":"https:\/\/af-food-technology.com\/#\/schema\/logo\/image\/"}}]}},"_links":{"self":[{"href":"https:\/\/af-food-technology.com\/de\/wp-json\/wp\/v2\/pages\/2237","targetHints":{"allow":["GET"]}}],"collection":[{"href":"https:\/\/af-food-technology.com\/de\/wp-json\/wp\/v2\/pages"}],"about":[{"href":"https:\/\/af-food-technology.com\/de\/wp-json\/wp\/v2\/types\/page"}],"author":[{"embeddable":true,"href":"https:\/\/af-food-technology.com\/de\/wp-json\/wp\/v2\/users\/1"}],"replies":[{"embeddable":true,"href":"https:\/\/af-food-technology.com\/de\/wp-json\/wp\/v2\/comments?post=2237"}],"version-history":[{"count":124,"href":"https:\/\/af-food-technology.com\/de\/wp-json\/wp\/v2\/pages\/2237\/revisions"}],"predecessor-version":[{"id":3222,"href":"https:\/\/af-food-technology.com\/de\/wp-json\/wp\/v2\/pages\/2237\/revisions\/3222"}],"wp:attachment":[{"href":"https:\/\/af-food-technology.com\/de\/wp-json\/wp\/v2\/media?parent=2237"}],"curies":[{"name":"wp","href":"https:\/\/api.w.org\/{rel}","templated":true}]}}